{"id":510,"date":"2021-03-25T18:21:03","date_gmt":"2021-03-25T18:21:03","guid":{"rendered":"https:\/\/paurealtor.com\/?page_id=510"},"modified":"2024-04-29T12:06:44","modified_gmt":"2024-04-29T17:06:44","slug":"registro","status":"publish","type":"page","link":"https:\/\/paurealtor.com\/es\/registro\/","title":{"rendered":"Registro"},"content":{"rendered":"\t\t<div data-elementor-type=\"wp-page\" data-elementor-id=\"510\" class=\"elementor elementor-510\" data-elementor-post-type=\"page\">\n\t\t\t\t<div data-particle_enable=\"false\" data-particle-mobile-disabled=\"false\" class=\"elementor-element elementor-element-9e1e224 e-con-full e-flex e-con e-parent\" data-id=\"9e1e224\" data-element_type=\"container\">\n\t\t<div data-particle_enable=\"false\" data-particle-mobile-disabled=\"false\" class=\"elementor-element elementor-element-3cadf3c e-con-full e-flex e-con e-child\" data-id=\"3cadf3c\" data-element_type=\"container\">\n\t\t\t\t<div class=\"elementor-element elementor-element-57eb59f elementor-view-default elementor-widget elementor-widget-icon\" data-id=\"57eb59f\" data-element_type=\"widget\" data-widget_type=\"icon.default\">\n\t\t\t\t<div class=\"elementor-widget-container\">\n\t\t\t\t\t\t\t<div class=\"elementor-icon-wrapper\">\n\t\t\t<div class=\"elementor-icon\">\n\t\t\t<i aria-hidden=\"true\" class=\"fas fa-users\"><\/i>\t\t\t<\/div>\n\t\t<\/div>\n\t\t\t\t\t\t<\/div>\n\t\t\t\t<\/div>\n\t\t\t\t<div class=\"elementor-element elementor-element-8a18068 elementor-widget__width-initial elementor-widget elementor-widget-text-editor\" data-id=\"8a18068\" data-element_type=\"widget\" data-widget_type=\"text-editor.default\">\n\t\t\t\t<div class=\"elementor-widget-container\">\n\t\t\t\t\t\t\t\t\t<p>\u00danete a nuestro selecto grupo de clientes y recibe de atenci\u00f3n personalizada por parte de nuestro equipo de asesores. Adem\u00e1s, recibe informaci\u00f3n sobre nuestros servicios, promociones, novedades, tips y obsequios por ser parte de nuestra familia de clientes y aliados. Reg\u00edstrate hoy y disfruta de nuestros beneficios.<\/p>\t\t\t\t\t\t\t\t<\/div>\n\t\t\t\t<\/div>\n\t\t\t\t<div class=\"elementor-element elementor-element-ec7874e elementor-widget elementor-widget-shortcode\" data-id=\"ec7874e\" data-element_type=\"widget\" data-widget_type=\"shortcode.default\">\n\t\t\t\t<div class=\"elementor-widget-container\">\n\t\t\t\t\t\t\t<div class=\"elementor-shortcode\"><style type=\"text\/css\">#nex-forms{display:none;}<\/style><div id=\"nf_form_43801\"><div id=\"nex-forms\" data-loader=\"ellipsis\" data-msg-hide-form=\"yes\" data-msg-position=\"top\" data-msg-placement=\"outside\"  class=\"nex-forms   \"><div class=\"pre_fill_fields\"><\/div><div class=\"set_form_theme theme-default\"><div class=\"nex_success_message oldv animated\" style=\"display:none;\"><div class=\"success_header\" ><div class=\"success_icon animated\" style=\"display:none;\"><span class=\"fa fa-check\"><\/span><\/div><\/div><div class=\"msg_box\"><div class=\"msg_text\" style=\"display:none;\"><\/div><\/div><\/div><div data-timer-start=\"1\" data-timer-end=\"0\" class=\"inner-canvas-container ui-nex-forms-container ui-nex-forms-container-fe  bootstrap\" id=\"ui-nex-forms-container-\"  ><div class=\"current_step\" style=\"display:none;\">1<\/div><div class=\"last_visited_step\" style=\"display:none;\">1<\/div><div id=\"the_plugin_url\" style=\"display:none;\">https:\/\/paurealtor.com\/wp-content\/plugins\/nex-forms-express-wp-form-builder<\/div><div class=\"hidden\" id=\"nf_ajax_url\" style=\"display:none;\">https:\/\/paurealtor.com\/wp-admin\/admin-ajax.php<\/div><div class=\"hidden\" id=\"paypal_return_url\" style=\"display:none;\">https:\/\/paurealtor.com\/es\/wp-json\/wp\/v2\/pages\/510<\/div><div class=\"v7_container form_type_normal   \" style=\"\"><div class=\"current_field_on_focus\" style=\"display:none\">1<\/div><form id=\"1\" class=\"submit-nex-form nex-forms-1\" data-form-id=\"1\" name=\"nex_form\" action=\"https:\/\/paurealtor.com\/wp-admin\/admin-ajax.php\" method=\"post\" enctype=\"multipart\/form-data\"><div class=\"step_transition_in\" style=\"display:none;\">fadeIn<\/div><div class=\"step_transition_out\" style=\"display:none;\">fadeOut<\/div><input type=\"hidden\" name=\"nex_forms_Id\" value=\"1\"><input type=\"hidden\" name=\"ip\" value=\"216.73.216.60\"><input type=\"hidden\" name=\"nf_page_id\" value=\"510\"><input type=\"hidden\" name=\"nf_page_title\" value=\"Registro\"><input type=\"text\" name=\"company_url\" value=\"\" placeholder=\"enter company url\" class=\"form-control req\">Powered by <a href=\"https:\/\/1.envato.market\/zQ6de\">NEX-Forms<\/a><\/form><\/div><\/div><\/div><\/div><\/div><style type=\"text\/css\" class=\"nex-forms-custom-css\"><\/style>\n<\/div>\n\t\t\t\t\t\t<\/div>\n\t\t\t\t<\/div>\n\t\t\t\t<\/div>\n\t\t\t\t<\/div>\n\t\t\t\t<\/div>\n\t\t","protected":false},"excerpt":{"rendered":"<p>\u00danete a nuestro selecto grupo de clientes y recibe de atenci\u00f3n personalizada por parte de nuestro equipo de asesores. Adem\u00e1s, recibe informaci\u00f3n sobre nuestros servicios, promociones, novedades, tips y obsequios por ser parte de nuestra familia de clientes y aliados. Reg\u00edstrate hoy y disfruta de nuestros beneficios.<\/p>\n","protected":false},"author":1,"featured_media":0,"parent":0,"menu_order":0,"comment_status":"closed","ping_status":"closed","template":"","meta":{"inline_featured_image":false,"footnotes":""},"class_list":["post-510","page","type-page","status-publish","hentry"],"_links":{"self":[{"href":"https:\/\/paurealtor.com\/es\/wp-json\/wp\/v2\/pages\/510","targetHints":{"allow":["GET"]}}],"collection":[{"href":"https:\/\/paurealtor.com\/es\/wp-json\/wp\/v2\/pages"}],"about":[{"href":"https:\/\/paurealtor.com\/es\/wp-json\/wp\/v2\/types\/page"}],"author":[{"embeddable":true,"href":"https:\/\/paurealtor.com\/es\/wp-json\/wp\/v2\/users\/1"}],"replies":[{"embeddable":true,"href":"https:\/\/paurealtor.com\/es\/wp-json\/wp\/v2\/comments?post=510"}],"version-history":[{"count":18,"href":"https:\/\/paurealtor.com\/es\/wp-json\/wp\/v2\/pages\/510\/revisions"}],"predecessor-version":[{"id":1873,"href":"https:\/\/paurealtor.com\/es\/wp-json\/wp\/v2\/pages\/510\/revisions\/1873"}],"wp:attachment":[{"href":"https:\/\/paurealtor.com\/es\/wp-json\/wp\/v2\/media?parent=510"}],"curies":[{"name":"wp","href":"https:\/\/api.w.org\/{rel}","templated":true}]}}